{"id":245,"date":"2022-11-07T11:10:17","date_gmt":"2022-11-07T10:10:17","guid":{"rendered":"https:\/\/www.kahls-products.de\/?post_type=product&#038;p=245"},"modified":"2023-08-10T16:46:28","modified_gmt":"2023-08-10T14:46:28","slug":"kahls-chewing-balm","status":"publish","type":"product","link":"https:\/\/www.kahls-products.de\/en\/produkt\/kahls-chewing-balm\/","title":{"rendered":"KAHL&#8217;s Chewing Balm"},"content":{"rendered":"<p>Die Idee zu KAHL\u2019S CHEWING BALM wurde in der t\u00e4glichen Arbeit mit einem besonders schwierigen, z\u00e4hneknirschenden Pferd geboren.<\/p>\n<p>Viele haben das schon erlebt: Das Pferd ist aufgeregt und knirscht mit den Z\u00e4hnen. Durch das st\u00e4ndige laute Knirschen verst\u00e4rkt sich die Aufregung noch mehr. Dieser Kreislauf musste unterbrochen werden. Bisher \u00fcbliche Tricks, wie Sand oder Sattelseife ins Maul zu geben waren nie und sind f\u00fcr uns nicht akzeptabel.<\/p>\n<p>Also haben wir nachgedacht und zusammen mit einem auf Lebensmittelwachse spezialisierten Labor KAHL\u00b4S CHEWING BALM entwickelt. Diese fein abgestimmte Mischung naturbelassener Bienen- und Pflanzenwachse und nat\u00fcrlichen Aromen war ein voller Erfolg, denn KAHL\u00b4S CHEWING BALM verhindert zuverl\u00e4ssig das nerv\u00f6se Z\u00e4hneknirschen und unterbindet somit ein weiteres Aufregen des Pferdes. Gleichzeitig verbessert es generell die Anlehnung bei Pferden mit trockenen oder stumpfen M\u00e4ulern.<\/p>\n","protected":false},"excerpt":{"rendered":"<p><em>250g Beutel inkl. Schiebekolben<\/em><\/p>\n","protected":false},"featured_media":246,"comment_status":"open","ping_status":"closed","template":"","meta":[],"product_brand":[],"product_cat":[19],"product_tag":[],"class_list":{"0":"post-245","1":"product","2":"type-product","3":"status-publish","4":"has-post-thumbnail","6":"product_cat-unkategorisiert","8":"first","9":"instock","10":"taxable","11":"shipping-taxable","12":"purchasable","13":"product-type-simple"},"_links":{"self":[{"href":"https:\/\/www.kahls-products.de\/en\/wp-json\/wp\/v2\/product\/245","targetHints":{"allow":["GET"]}}],"collection":[{"href":"https:\/\/www.kahls-products.de\/en\/wp-json\/wp\/v2\/product"}],"about":[{"href":"https:\/\/www.kahls-products.de\/en\/wp-json\/wp\/v2\/types\/product"}],"replies":[{"embeddable":true,"href":"https:\/\/www.kahls-products.de\/en\/wp-json\/wp\/v2\/comments?post=245"}],"wp:featuredmedia":[{"embeddable":true,"href":"https:\/\/www.kahls-products.de\/en\/wp-json\/wp\/v2\/media\/246"}],"wp:attachment":[{"href":"https:\/\/www.kahls-products.de\/en\/wp-json\/wp\/v2\/media?parent=245"}],"wp:term":[{"taxonomy":"product_brand","embeddable":true,"href":"https:\/\/www.kahls-products.de\/en\/wp-json\/wp\/v2\/product_brand?post=245"},{"taxonomy":"product_cat","embeddable":true,"href":"https:\/\/www.kahls-products.de\/en\/wp-json\/wp\/v2\/product_cat?post=245"},{"taxonomy":"product_tag","embeddable":true,"href":"https:\/\/www.kahls-products.de\/en\/wp-json\/wp\/v2\/product_tag?post=245"}],"curies":[{"name":"wp","href":"https:\/\/api.w.org\/{rel}","templated":true}]}}